{"id":998,"date":"2020-03-13T10:32:15","date_gmt":"2020-03-13T08:32:15","guid":{"rendered":"http:\/\/viljelusvoistlus.ee\/?page_id=998"},"modified":"2020-03-13T10:32:15","modified_gmt":"2020-03-13T08:32:15","slug":"brosuur","status":"publish","type":"page","link":"https:\/\/viljelusvoistlus.ee\/en\/brosuur\/","title":{"rendered":"Booklet"},"content":{"rendered":"<p>Loe\u00a0Viljelusv\u00f5istlus 2019. a bro\u0161\u00fc\u00fcri\u00a0<a href=\"http:\/\/viljelusvoistlus.ee\/wp-content\/uploads\/2020\/03\/Viljelusvoistlus_brosuur.pdf\">siit<\/a><\/p>","protected":false},"excerpt":{"rendered":"<p>Loe\u00a0Viljelusv\u00f5istlus 2019. a bro\u0161\u00fc\u00fcri\u00a0siit<\/p>","protected":false},"author":8,"featured_media":0,"parent":0,"menu_order":0,"comment_status":"closed","ping_status":"closed","template":"page-templates\/page_fullwidth.php","meta":{"two_page_speed":[],"footnotes":""},"class_list":["post-998","page","type-page","status-publish","hentry"],"_links":{"self":[{"href":"https:\/\/viljelusvoistlus.ee\/en\/wp-json\/wp\/v2\/pages\/998","targetHints":{"allow":["GET"]}}],"collection":[{"href":"https:\/\/viljelusvoistlus.ee\/en\/wp-json\/wp\/v2\/pages"}],"about":[{"href":"https:\/\/viljelusvoistlus.ee\/en\/wp-json\/wp\/v2\/types\/page"}],"author":[{"embeddable":true,"href":"https:\/\/viljelusvoistlus.ee\/en\/wp-json\/wp\/v2\/users\/8"}],"replies":[{"embeddable":true,"href":"https:\/\/viljelusvoistlus.ee\/en\/wp-json\/wp\/v2\/comments?post=998"}],"version-history":[{"count":1,"href":"https:\/\/viljelusvoistlus.ee\/en\/wp-json\/wp\/v2\/pages\/998\/revisions"}],"predecessor-version":[{"id":1000,"href":"https:\/\/viljelusvoistlus.ee\/en\/wp-json\/wp\/v2\/pages\/998\/revisions\/1000"}],"wp:attachment":[{"href":"https:\/\/viljelusvoistlus.ee\/en\/wp-json\/wp\/v2\/media?parent=998"}],"curies":[{"name":"wp","href":"https:\/\/api.w.org\/{rel}","templated":true}]}}