{"id":787,"date":"2018-11-13T13:22:06","date_gmt":"2018-11-13T11:22:06","guid":{"rendered":"http:\/\/viljelusvoistlus.ee\/?page_id=787"},"modified":"2019-01-09T11:03:06","modified_gmt":"2019-01-09T09:03:06","slug":"2018-saagikus","status":"publish","type":"page","link":"https:\/\/viljelusvoistlus.ee\/en\/2005-2\/2018-saagikus\/","title":{"rendered":"Results 2018"},"content":{"rendered":"<p>Yield<\/p>\n<table width=\"659\">\n<tbody>\n<tr>\n<td width=\"83\">2018<\/td>\n<td width=\"133\">V\u00f5istleja<\/td>\n<td width=\"147\">Ettev\u00f5te<\/td>\n<td width=\"90\">Maakond<\/td>\n<td width=\"72\">Sort<\/td>\n<td width=\"62\">Pind (ha)<\/td>\n<td width=\"72\">Saak (t\/ha)<\/td>\n<\/tr>\n<tr>\n<td>Raps<\/td>\n<td>Keit Kirila<\/td>\n<td>Kerseli O\u00dc<\/td>\n<td>J\u00f5gevamaa<\/td>\n<td>DK Seax<\/td>\n<td>27,6<\/td>\n<td>5,3<\/td>\n<\/tr>\n<tr>\n<td><\/td>\n<td>Jaak T\u00f5ks<\/td>\n<td>Perevara AS<\/td>\n<td>J\u00f5gevamaa<\/td>\n<td>Mercedes<\/td>\n<td>10,0<\/td>\n<td>4,4<\/td>\n<\/tr>\n<tr>\n<td><\/td>\n<td>Tiit Tamme<\/td>\n<td>Tamme talu<\/td>\n<td>Raplamaa<\/td>\n<td>Legato<\/td>\n<td>13,9<\/td>\n<td>2,1<\/td>\n<\/tr>\n<tr>\n<td>Rukis<\/td>\n<td>Aare Leidik<\/td>\n<td>Luunja M\u00f5is O\u00dc<\/td>\n<td>Tartumaa<\/td>\n<td>Bono<\/td>\n<td>36,8<\/td>\n<td>9,6<\/td>\n<\/tr>\n<tr>\n<td><\/td>\n<td>Tanel T\u00f5rvand<\/td>\n<td>Vitsj\u00e4rve P\u00f5ldur O\u00dc<\/td>\n<td>J\u00f5gevamaa<\/td>\n<td>Bono<\/td>\n<td>22,3<\/td>\n<td>8,5<\/td>\n<\/tr>\n<tr>\n<td><\/td>\n<td>Tuuli Vaarak<\/td>\n<td>Savikoti Agro O\u00dc<\/td>\n<td>Viljandimaa<\/td>\n<td>Palazzo<\/td>\n<td>24,5<\/td>\n<td>8,4<\/td>\n<\/tr>\n<tr>\n<td><\/td>\n<td>J\u00fcri Ilves<\/td>\n<td>Caro Mahe O\u00dc<\/td>\n<td>J\u00e4rvamaa<\/td>\n<td>Elvi<\/td>\n<td>13,6<\/td>\n<td>4,1<\/td>\n<\/tr>\n<tr>\n<td><\/td>\n<td>M\u00e4rtin R\u00f5\u00f5musaar<\/td>\n<td>Raismikuoja O\u00dc<\/td>\n<td>J\u00e4rvamaa<\/td>\n<td>Sangaste<\/td>\n<td>14,5<\/td>\n<td>2,3<\/td>\n<\/tr>\n<tr>\n<td>Oder<\/td>\n<td>Erik Paalman<\/td>\n<td>Paali Seemnekeskus<\/td>\n<td>P\u00f5lvamaa<\/td>\n<td>Tenor<\/td>\n<td>10,7<\/td>\n<td>9,0<\/td>\n<\/tr>\n<tr>\n<td><\/td>\n<td>Tanel T\u00f5rvand<\/td>\n<td>Vitsj\u00e4rve P\u00f5ldur O\u00dc<\/td>\n<td>J\u00f5gevamaa<\/td>\n<td>Frigg<\/td>\n<td>14,0<\/td>\n<td>7,8<\/td>\n<\/tr>\n<tr>\n<td><\/td>\n<td>Margus Klais<\/td>\n<td>R\u00e4msi Agro O\u00dc<\/td>\n<td>Tartumaa<\/td>\n<td>Tenor<\/td>\n<td>10,0<\/td>\n<td>7,7<\/td>\n<\/tr>\n<tr>\n<td><\/td>\n<td>Katrin Tootsman<\/td>\n<td>Paunvere Agro O\u00dc<\/td>\n<td>J\u00f5gevamaa<\/td>\n<td>Akusti<\/td>\n<td>32,2<\/td>\n<td>6,0<\/td>\n<\/tr>\n<tr>\n<td>Nisu<\/td>\n<td>Jaak T\u00f5ks<\/td>\n<td>Perevara AS<\/td>\n<td>J\u00f5gevamaa<\/td>\n<td>Edvins<\/td>\n<td>12,6<\/td>\n<td>8,2<\/td>\n<\/tr>\n<tr>\n<td><\/td>\n<td>Margus Klais<\/td>\n<td>R\u00e4msi Agro O\u00dc<\/td>\n<td>Tartumaa<\/td>\n<td>Creator<\/td>\n<td>10,0<\/td>\n<td>8,1<\/td>\n<\/tr>\n<tr>\n<td><\/td>\n<td>Tuuli Vaarak<\/td>\n<td>Savikoti Agro O\u00dc<\/td>\n<td>Viljandimaa<\/td>\n<td>Janne<\/td>\n<td>23,3<\/td>\n<td>6,1<\/td>\n<\/tr>\n<tr>\n<td><\/td>\n<td>J\u00fcri Ilves<\/td>\n<td>Caro Mahe O\u00dc<\/td>\n<td>J\u00e4rvamaa<\/td>\n<td>Mooni<\/td>\n<td>10,1<\/td>\n<td>3,5<\/td>\n<\/tr>\n<tr>\n<td>Kaer<\/td>\n<td>J\u00fcri Ilves<\/td>\n<td>Caro Mahe O\u00dc<\/td>\n<td>J\u00e4rvamaa<\/td>\n<td>Peppi<\/td>\n<td>11,6<\/td>\n<td>3,8<\/td>\n<\/tr>\n<tr>\n<td>P\u00f5ldhernes<\/td>\n<td>Margus Klais<\/td>\n<td>R\u00e4msi Agro O\u00dc<\/td>\n<td>Tartumaa<\/td>\n<td>Alvesta<\/td>\n<td>95,0<\/td>\n<td>5,5<\/td>\n<\/tr>\n<tr>\n<td><\/td>\n<td>Erik Paalman<\/td>\n<td>Paali Seemnekeskus<\/td>\n<td>P\u00f5lvamaa<\/td>\n<td>Bagoo<\/td>\n<td>10,2<\/td>\n<td>5,0<\/td>\n<\/tr>\n<\/tbody>\n<\/table>\n<p>&nbsp;<\/p>\n<p>&nbsp;<\/p>","protected":false},"excerpt":{"rendered":"<p>Saagikus 2018 V\u00f5istleja Ettev\u00f5te Maakond Sort Pind (ha) Saak (t\/ha) Raps Keit Kirila Kerseli O\u00dc J\u00f5gevamaa DK Seax 27,6 5,3 Jaak T\u00f5ks Perevara AS J\u00f5gevamaa Mercedes 10,0 4,4 Tiit Tamme Tamme talu Raplamaa Legato 13,9 2,1 Rukis Aare Leidik Luunja M\u00f5is O\u00dc Tartumaa Bono 36,8 9,6 Tanel T\u00f5rvand Vitsj\u00e4rve P\u00f5ldur O\u00dc J\u00f5gevamaa Bono 22,3 8,5 [&hellip;]<\/p>\n","protected":false},"author":9,"featured_media":0,"parent":65,"menu_order":1,"comment_status":"closed","ping_status":"closed","template":"","meta":{"two_page_speed":[],"footnotes":""},"class_list":["post-787","page","type-page","status-publish","hentry"],"_links":{"self":[{"href":"https:\/\/viljelusvoistlus.ee\/en\/wp-json\/wp\/v2\/pages\/787","targetHints":{"allow":["GET"]}}],"collection":[{"href":"https:\/\/viljelusvoistlus.ee\/en\/wp-json\/wp\/v2\/pages"}],"about":[{"href":"https:\/\/viljelusvoistlus.ee\/en\/wp-json\/wp\/v2\/types\/page"}],"author":[{"embeddable":true,"href":"https:\/\/viljelusvoistlus.ee\/en\/wp-json\/wp\/v2\/users\/9"}],"replies":[{"embeddable":true,"href":"https:\/\/viljelusvoistlus.ee\/en\/wp-json\/wp\/v2\/comments?post=787"}],"version-history":[{"count":5,"href":"https:\/\/viljelusvoistlus.ee\/en\/wp-json\/wp\/v2\/pages\/787\/revisions"}],"predecessor-version":[{"id":867,"href":"https:\/\/viljelusvoistlus.ee\/en\/wp-json\/wp\/v2\/pages\/787\/revisions\/867"}],"up":[{"embeddable":true,"href":"https:\/\/viljelusvoistlus.ee\/en\/wp-json\/wp\/v2\/pages\/65"}],"wp:attachment":[{"href":"https:\/\/viljelusvoistlus.ee\/en\/wp-json\/wp\/v2\/media?parent=787"}],"curies":[{"name":"wp","href":"https:\/\/api.w.org\/{rel}","templated":true}]}}