{"id":319,"date":"2016-06-13T14:28:05","date_gmt":"2016-06-13T11:28:05","guid":{"rendered":"http:\/\/viljelusvoistlus.ee\/?page_id=319"},"modified":"2017-08-02T13:29:50","modified_gmt":"2017-08-02T10:29:50","slug":"2016-2","status":"publish","type":"page","link":"https:\/\/viljelusvoistlus.ee\/en\/2016-2\/","title":{"rendered":"TULEMUSED 2016"},"content":{"rendered":"<p><b>\u00dcle poolte Viljelusv\u00f5istluse auhinnakividest viidi Saaremaale<\/b><\/p>\n<p>Seda, mis novembri alguses Viljelusv\u00f5istluse uue skeemiga hindamisel selgus, ei osanud keegi ette n\u00e4ha. Nimelt l\u00e4ks l\u00f5ppkokkuv\u00f5ttes viiest \u00fcldv\u00f5idust koguni kolm Saaremaale.<\/p>\n<p>Teravilja \u2013 nii odra kui nisu \u2013 \u00fcldv\u00f5itja on Saaremaa viljakasvataja Kaido Kirst Nuudi talust. Kaido on muide ennegi napsanud\u00a0v\u00f5istuviljelemisel topeltv\u00f5idu \u2013\u00a0aastal 2010 oli ta nimelt parim nii suvirapsi kui talinisu kategoorias. Parim rapsikasvataja on Agriman O\u00dc noor viljakasvataja Martin Salu, taas Saaremaalt.\u00a0Herne \u00fcldv\u00f5itjaks kuulutati P\u00e4rnumaal mere-\u00e4\u00e4rses Kablis tegutsev viljakasvataja Mihkel Vainula ning rukki kategoorias v\u00f5itis \u00fclekaalukalt uue rekordsaagi kasvataja Tuuli Vaarak Savikoti Agrost.<\/p>\n<p>K\u00f5ikide kultuuride \u00fcldv\u00f5itjad said paekivist t\u00e4nuplaadi, mis tekitas nii saarlastele kui P\u00e4rnumaa mehele palju\u00a0nalja \u2013 nagu neid kive oma p\u00f5llul veel v\u00e4he oleks \ud83d\ude42 Kivistest p\u00f5ldudest r\u00e4\u00e4kisid t\u00f5epoolest k\u00f5ik peale Tuuli, kelle rukis kasvas \u00fchel parimatest Eesti p\u00f5ldudest Viljandimaal.<\/p>\n<p>Loomulikult ei saa seekordset tulemust ainu\u00fcksi uue hindamisskeemi (saagikus+tulukus+kvaliteet) s\u00fc\u00fcks panna. Kuigi\u00a0v\u00f5istlus propageerib \u00fcha enam p\u00f5llumeeste oskusi, m\u00e4\u00e4ras t\u00e4navuse tulemuse suuresti taas ilm. Kui mandril muutis nelja kehva ilmastikun\u00e4htuse kokkusattumine \u2013 k\u00fclm talv, kuiv kevad, vihmane suvi ja niisked koristusaja ilmad \u2013 vilja-aasta viletsaks, siis l\u00e4\u00e4nerannikul ja saartel oli talv pehmem, maikuus sadas ka vihma ning talivili j\u00f5uti \u00e4ra koristada enne augusti keskpaiga vihmaperioodi saabumist.<\/p>\n<p><strong>Iga valdkond andis erineva tulemuse<\/strong><\/p>\n<p>T\u00e4navune \u00fcllatuskultuur oli rukis, kuna \u00fcletas saagikuselt teisi vilju. Uue rekordsaagi kasvatas Tuuli Vaarak Viljandimaalt \u2013 10,4 t\/ha. Hernes oli viljelusv\u00f5istlusel esimest korda ning esimese rekordi, 6,6 tonni hektarilt, p\u00fcstitas Mihkel Vainula P\u00e4rnumaalt. Rapsi parimad saagid j\u00e4id eelmisele aastale kahe tonni v\u00f5rra alla. K\u00f5rgeima rapsisaagi sai Avo Samar\u00fc\u00fctel Tartumaalt \u2013 4,6 t\/ha. K\u00f5rgeima odrasaagi, 7,7 t\/ha, kasvatas Erik Paalman P\u00f5lvamaalt. Nisu saagid oli sellel aastal suhteliselt \u00fchtlased ning k\u00f5rgete saakidega \u00fcllatusi ei tulnud.<\/p>\n<p><a href=\"http:\/\/viljelusvoistlus.ee\/tulemused\/saagikus\/\">SAAGIKUSE TABEL<\/a><\/p>\n<p>Tulukaim kultuur oli taas raps, kuigi parimad tulemused olid poole v\u00e4iksemad kui mullu. \u00dcle 900 euro tulu hektari kohta said rapsikasvatajad Martin Salu Saaremaalt ja Avo Samar\u00fc\u00fctel. Miinusesse ei j\u00e4\u00e4nud keegi.<\/p>\n<p><a href=\"http:\/\/viljelusvoistlus.ee\/tulemused\/tulukus\/\">TULUKUSE TABEL<\/a><\/p>\n<p>K\u00f5rgeima kvaliteediga raps, rukis ja oder kasvatati Viljandimaal \u2013 vastavalt K\u00f5o Agros (Meelis Venno), Savikoti Agros (Tuuli Vaarak) ja Sooba talus (Pille Nugis). Parima nisu kvaliteedi sai Soone Farmi noorperemees Madis Tamm Tartumaalt.<\/p>\n<p><a href=\"http:\/\/viljelusvoistlus.ee\/tulemused\/kvaliteet\/\">KVALITEET<\/a><\/p>\n<p>See, et kolme n\u00e4itaja kokkuliitmisel saadi tavap\u00e4rasest erinevad tulemused, on loodetavasti viljakasvatajatele uueks v\u00e4ljakutseks. Samuti annab see p\u00f5hjuse taas v\u00f5istlustulle astuda neil tublidel p\u00f5llumeestel, kel saagikuse v\u00f5idud varasematest aastatest juba taskus. Sest viljelusv\u00f5istlus tuleb kindlasti ka j\u00e4rgmisel aastal.<\/p>\n<p><a href=\"http:\/\/viljelusvoistlus.ee\/tulemused\/koondtabel\/\">KOONDTABEL<\/a><\/p>","protected":false},"excerpt":{"rendered":"<p>\u00dcle poolte Viljelusv\u00f5istluse auhinnakividest viidi Saaremaale Seda, mis novembri alguses Viljelusv\u00f5istluse uue skeemiga hindamisel selgus, ei osanud keegi ette n\u00e4ha. Nimelt l\u00e4ks l\u00f5ppkokkuv\u00f5ttes viiest \u00fcldv\u00f5idust koguni kolm Saaremaale. Teravilja \u2013 nii odra kui nisu \u2013 \u00fcldv\u00f5itja on Saaremaa viljakasvataja Kaido Kirst Nuudi talust. Kaido on muide ennegi napsanud\u00a0v\u00f5istuviljelemisel topeltv\u00f5idu \u2013\u00a0aastal 2010 oli ta nimelt parim [&hellip;]<\/p>\n","protected":false},"author":9,"featured_media":0,"parent":0,"menu_order":0,"comment_status":"closed","ping_status":"closed","template":"page-templates\/page_fullwidth.php","meta":{"two_page_speed":[],"footnotes":""},"class_list":["post-319","page","type-page","status-publish","hentry"],"_links":{"self":[{"href":"https:\/\/viljelusvoistlus.ee\/en\/wp-json\/wp\/v2\/pages\/319","targetHints":{"allow":["GET"]}}],"collection":[{"href":"https:\/\/viljelusvoistlus.ee\/en\/wp-json\/wp\/v2\/pages"}],"about":[{"href":"https:\/\/viljelusvoistlus.ee\/en\/wp-json\/wp\/v2\/types\/page"}],"author":[{"embeddable":true,"href":"https:\/\/viljelusvoistlus.ee\/en\/wp-json\/wp\/v2\/users\/9"}],"replies":[{"embeddable":true,"href":"https:\/\/viljelusvoistlus.ee\/en\/wp-json\/wp\/v2\/comments?post=319"}],"version-history":[{"count":5,"href":"https:\/\/viljelusvoistlus.ee\/en\/wp-json\/wp\/v2\/pages\/319\/revisions"}],"predecessor-version":[{"id":648,"href":"https:\/\/viljelusvoistlus.ee\/en\/wp-json\/wp\/v2\/pages\/319\/revisions\/648"}],"wp:attachment":[{"href":"https:\/\/viljelusvoistlus.ee\/en\/wp-json\/wp\/v2\/media?parent=319"}],"curies":[{"name":"wp","href":"https:\/\/api.w.org\/{rel}","templated":true}]}}