{"id":307,"date":"2016-06-01T14:26:44","date_gmt":"2016-06-01T11:26:44","guid":{"rendered":"http:\/\/viljelusvoistlus.ee\/?page_id=307"},"modified":"2016-06-01T14:26:44","modified_gmt":"2016-06-01T11:26:44","slug":"tutvustus-3","status":"publish","type":"page","link":"https:\/\/viljelusvoistlus.ee\/en\/tutvustus-3\/","title":{"rendered":"About"},"content":{"rendered":"<p>Estonian national crop contest is a unique form of sharing best practices in plant cultivation, with the aim of encouraging farmers to try out new cultivation technologies, varieties, and products. In the competition, plant growers test their ability to plan the use of various agricultural inputs and field work. At the same time, they demonstrate their courage to try something new in order to achieve even more effective plant cultivation methods, larger yields, and more environmentally friendly practices. Although Estonian soil and weather conditions are generally considered to be unsuitable for yields comparable to those in Western Europe, the crop contest has clearly shown that it is possible to achieve similar results even in our conditions.<\/p>","protected":false},"excerpt":{"rendered":"<p>Viljelusv\u00f5istlus on unikaalne taimekasvatuse parimate kogemuste vahetamise vorm, mille eesm\u00e4rgiks on innustada p\u00f5llumehi katsetama uusi viljelustehnoloogiaid, sorte ja tooteid. V\u00f5istlusel panevad taimekasvatajad proovile oma oskuse planeerida erinevate p\u00f5llumajandussisendite kasutamist ja p\u00f5llut\u00f6id. Samas ka julguse katsetada midagi uut, et j\u00f5uda veelgi efektiivsemate taimekasvatusmeetodite, suuremate saakide ja looduss\u00f5bralikemate v\u00f5tete tasemele. Kui Eesti muldasid ja ilmastikutingimusi peetakse \u00fcldjuhul [&hellip;]<\/p>\n","protected":false},"author":9,"featured_media":0,"parent":0,"menu_order":0,"comment_status":"closed","ping_status":"closed","template":"page-templates\/page_fullwidth.php","meta":{"two_page_speed":[],"footnotes":""},"class_list":["post-307","page","type-page","status-publish","hentry"],"_links":{"self":[{"href":"https:\/\/viljelusvoistlus.ee\/en\/wp-json\/wp\/v2\/pages\/307","targetHints":{"allow":["GET"]}}],"collection":[{"href":"https:\/\/viljelusvoistlus.ee\/en\/wp-json\/wp\/v2\/pages"}],"about":[{"href":"https:\/\/viljelusvoistlus.ee\/en\/wp-json\/wp\/v2\/types\/page"}],"author":[{"embeddable":true,"href":"https:\/\/viljelusvoistlus.ee\/en\/wp-json\/wp\/v2\/users\/9"}],"replies":[{"embeddable":true,"href":"https:\/\/viljelusvoistlus.ee\/en\/wp-json\/wp\/v2\/comments?post=307"}],"version-history":[{"count":1,"href":"https:\/\/viljelusvoistlus.ee\/en\/wp-json\/wp\/v2\/pages\/307\/revisions"}],"predecessor-version":[{"id":309,"href":"https:\/\/viljelusvoistlus.ee\/en\/wp-json\/wp\/v2\/pages\/307\/revisions\/309"}],"wp:attachment":[{"href":"https:\/\/viljelusvoistlus.ee\/en\/wp-json\/wp\/v2\/media?parent=307"}],"curies":[{"name":"wp","href":"https:\/\/api.w.org\/{rel}","templated":true}]}}