{"id":2277,"date":"2026-02-01T19:25:27","date_gmt":"2026-02-01T17:25:27","guid":{"rendered":"https:\/\/viljelusvoistlus.ee\/?page_id=2277"},"modified":"2026-03-11T12:26:45","modified_gmt":"2026-03-11T10:26:45","slug":"mullasober-2022","status":"publish","type":"page","link":"https:\/\/viljelusvoistlus.ee\/en\/mullasober-2022\/","title":{"rendered":"Soil friend 2022"},"content":{"rendered":"<p>Ettekanne 2022. aasta mullap\u00e4eval: <a href=\"https:\/\/viljelusvoistlus.ee\/wp-content\/uploads\/2026\/02\/Margus-Ameerikas_Mullasober2022_EMU_05.12.2022.pdf\">Margus Ameerikas_Mullas\u00f5ber2022_EM\u00dc_05.12.2022<\/a><\/p>\n<p>Aasta mullas\u00f5brad on 2022. aastal <strong>Erki Plamus<\/strong> ja <strong>Ahti Nurm<\/strong>.<\/p>","protected":false},"excerpt":{"rendered":"<p>Ettekanne 2022. aasta mullap\u00e4eval: Margus Ameerikas_Mullas\u00f5ber2022_EM\u00dc_05.12.2022 Aasta mullas\u00f5brad on 2022. aastal Erki Plamus ja Ahti Nurm.<\/p>","protected":false},"author":9,"featured_media":0,"parent":0,"menu_order":0,"comment_status":"closed","ping_status":"closed","template":"","meta":{"two_page_speed":[],"footnotes":""},"class_list":["post-2277","page","type-page","status-publish","hentry"],"_links":{"self":[{"href":"https:\/\/viljelusvoistlus.ee\/en\/wp-json\/wp\/v2\/pages\/2277","targetHints":{"allow":["GET"]}}],"collection":[{"href":"https:\/\/viljelusvoistlus.ee\/en\/wp-json\/wp\/v2\/pages"}],"about":[{"href":"https:\/\/viljelusvoistlus.ee\/en\/wp-json\/wp\/v2\/types\/page"}],"author":[{"embeddable":true,"href":"https:\/\/viljelusvoistlus.ee\/en\/wp-json\/wp\/v2\/users\/9"}],"replies":[{"embeddable":true,"href":"https:\/\/viljelusvoistlus.ee\/en\/wp-json\/wp\/v2\/comments?post=2277"}],"version-history":[{"count":3,"href":"https:\/\/viljelusvoistlus.ee\/en\/wp-json\/wp\/v2\/pages\/2277\/revisions"}],"predecessor-version":[{"id":2299,"href":"https:\/\/viljelusvoistlus.ee\/en\/wp-json\/wp\/v2\/pages\/2277\/revisions\/2299"}],"wp:attachment":[{"href":"https:\/\/viljelusvoistlus.ee\/en\/wp-json\/wp\/v2\/media?parent=2277"}],"curies":[{"name":"wp","href":"https:\/\/api.w.org\/{rel}","templated":true}]}}