{"id":1856,"date":"2025-10-15T10:49:31","date_gmt":"2025-10-15T07:49:31","guid":{"rendered":"https:\/\/viljelusvoistlus.ee\/?page_id=1856"},"modified":"2026-02-01T19:26:43","modified_gmt":"2026-02-01T17:26:43","slug":"aasta-mullasober","status":"publish","type":"page","link":"https:\/\/viljelusvoistlus.ee\/en\/aasta-mullasober\/","title":{"rendered":"Soil friend of the year"},"content":{"rendered":"<p>Alates aastast 2020 annavad Eesti Maa\u00fclikool, Mullateaduse selts ning Viljelusv\u00f5istlus v\u00e4lja tiitlit &#8220;aasta mullas\u00f5ber&#8221;.<\/p>\n<p>Mullas\u00f5bra tiitli andmisel arvestatakse j\u00e4rgnevaid n\u00e4itajaid:<\/p>\n<ol>\n<li>S\u00fcsiniku bilanss<\/li>\n<li>Taimetoitainete tasakaal<\/li>\n<li>Agrotehnika \u00fcldine tase\n<ul>\n<li>mullaharimine,<\/li>\n<li>viljavaheldus,<\/li>\n<li>p\u00f5llu aastaringne taimikuga kaetus<\/li>\n<li>lupjamine jne.<\/li>\n<\/ul>\n<\/li>\n<li>Saagikus, saagi kvaliteet, tulukus<\/li>\n<\/ol>\n<h4>Tutvu mullas\u00f5pradega:<\/h4>\n<ul>\n<li><a href=\"https:\/\/viljelusvoistlus.ee\/mullasober-2025\/\">2025<\/a><\/li>\n<li><a href=\"https:\/\/viljelusvoistlus.ee\/mullasober-2024\/\">2024<\/a><\/li>\n<li><a href=\"https:\/\/viljelusvoistlus.ee\/mullasober-2023\/\">2023<\/a><\/li>\n<li><a href=\"https:\/\/viljelusvoistlus.ee\/mullasober-2022\/\">2022<\/a><\/li>\n<\/ul>","protected":false},"excerpt":{"rendered":"<p>Alates aastast 2020 annavad Eesti Maa\u00fclikool, Mullateaduse selts ning Viljelusv\u00f5istlus v\u00e4lja tiitlit &#8220;aasta mullas\u00f5ber&#8221;. Mullas\u00f5bra tiitli andmisel arvestatakse j\u00e4rgnevaid n\u00e4itajaid: S\u00fcsiniku bilanss Taimetoitainete tasakaal Agrotehnika \u00fcldine tase mullaharimine, viljavaheldus, p\u00f5llu aastaringne taimikuga kaetus lupjamine jne. Saagikus, saagi kvaliteet, tulukus Tutvu mullas\u00f5pradega: 2025 2024 2023 2022<\/p>","protected":false},"author":9,"featured_media":0,"parent":0,"menu_order":0,"comment_status":"closed","ping_status":"closed","template":"","meta":{"two_page_speed":[],"footnotes":""},"class_list":["post-1856","page","type-page","status-publish","hentry"],"_links":{"self":[{"href":"https:\/\/viljelusvoistlus.ee\/en\/wp-json\/wp\/v2\/pages\/1856","targetHints":{"allow":["GET"]}}],"collection":[{"href":"https:\/\/viljelusvoistlus.ee\/en\/wp-json\/wp\/v2\/pages"}],"about":[{"href":"https:\/\/viljelusvoistlus.ee\/en\/wp-json\/wp\/v2\/types\/page"}],"author":[{"embeddable":true,"href":"https:\/\/viljelusvoistlus.ee\/en\/wp-json\/wp\/v2\/users\/9"}],"replies":[{"embeddable":true,"href":"https:\/\/viljelusvoistlus.ee\/en\/wp-json\/wp\/v2\/comments?post=1856"}],"version-history":[{"count":5,"href":"https:\/\/viljelusvoistlus.ee\/en\/wp-json\/wp\/v2\/pages\/1856\/revisions"}],"predecessor-version":[{"id":2281,"href":"https:\/\/viljelusvoistlus.ee\/en\/wp-json\/wp\/v2\/pages\/1856\/revisions\/2281"}],"wp:attachment":[{"href":"https:\/\/viljelusvoistlus.ee\/en\/wp-json\/wp\/v2\/media?parent=1856"}],"curies":[{"name":"wp","href":"https:\/\/api.w.org\/{rel}","templated":true}]}}