{"id":13,"date":"2016-05-24T15:38:43","date_gmt":"2016-05-24T12:38:43","guid":{"rendered":"http:\/\/viljelusvoistlus.ee\/?page_id=13"},"modified":"2016-05-27T12:01:15","modified_gmt":"2016-05-27T09:01:15","slug":"tutvustus","status":"publish","type":"page","link":"https:\/\/viljelusvoistlus.ee\/en\/tutvustus\/","title":{"rendered":"About the competition"},"content":{"rendered":"<p>&nbsp;<\/p>\n<p><em>Viljelusv\u00f5istlus on nagu tippsport. Kindlasti ei suudeta k\u00f5ikidel Eesti p\u00f5ldudel seda taset saavutada, mis saadakse v\u00f5istlusp\u00f5ldudel. Kuid seal \u00f5pitakse uusi v\u00f5tteid, n\u00f6 kombitakse piire. Mis on \u00fcldse v\u00f5imalik, milliste v\u00f5tete ja milliste kuludega? Kui tipptase on selge, siis on palju lihtsam teha otsused oma \u00fclej\u00e4\u00e4nud p\u00f5ldude kohta ning v\u00f5tta eesm\u00e4rgiks optimaalseim tulemus: madalaim omahind, suurim hektaritulu ja efektiivseim saagitase. Kindlasti on v\u00f5istlusp\u00f5llud ka heaks eeskujuks kogu \u00fcmbruskonna taimekasvatajatele ning hea v\u00f5imalus teaduritele ja firmadele uute toodete ja tehnoloogiate juurutamiseks.<\/em><\/p>\n<p><em>Margus Ameerikas, Baltic Agro AS arendusdirektor<\/em><\/p>","protected":false},"excerpt":{"rendered":"<p>&nbsp; Viljelusv\u00f5istlus on nagu tippsport. Kindlasti ei suudeta k\u00f5ikidel Eesti p\u00f5ldudel seda taset saavutada, mis saadakse v\u00f5istlusp\u00f5ldudel. Kuid seal \u00f5pitakse uusi v\u00f5tteid, n\u00f6 kombitakse piire. Mis on \u00fcldse v\u00f5imalik, milliste v\u00f5tete ja milliste kuludega? Kui tipptase on selge, siis on palju lihtsam teha otsused oma \u00fclej\u00e4\u00e4nud p\u00f5ldude kohta ning v\u00f5tta eesm\u00e4rgiks optimaalseim tulemus: madalaim omahind, [&hellip;]<\/p>\n","protected":false},"author":9,"featured_media":5,"parent":0,"menu_order":0,"comment_status":"closed","ping_status":"closed","template":"page-templates\/page_fullwidth.php","meta":{"two_page_speed":[],"footnotes":""},"class_list":["post-13","page","type-page","status-publish","has-post-thumbnail","hentry"],"_links":{"self":[{"href":"https:\/\/viljelusvoistlus.ee\/en\/wp-json\/wp\/v2\/pages\/13","targetHints":{"allow":["GET"]}}],"collection":[{"href":"https:\/\/viljelusvoistlus.ee\/en\/wp-json\/wp\/v2\/pages"}],"about":[{"href":"https:\/\/viljelusvoistlus.ee\/en\/wp-json\/wp\/v2\/types\/page"}],"author":[{"embeddable":true,"href":"https:\/\/viljelusvoistlus.ee\/en\/wp-json\/wp\/v2\/users\/9"}],"replies":[{"embeddable":true,"href":"https:\/\/viljelusvoistlus.ee\/en\/wp-json\/wp\/v2\/comments?post=13"}],"version-history":[{"count":5,"href":"https:\/\/viljelusvoistlus.ee\/en\/wp-json\/wp\/v2\/pages\/13\/revisions"}],"predecessor-version":[{"id":123,"href":"https:\/\/viljelusvoistlus.ee\/en\/wp-json\/wp\/v2\/pages\/13\/revisions\/123"}],"wp:featuredmedia":[{"embeddable":true,"href":"https:\/\/viljelusvoistlus.ee\/en\/wp-json\/wp\/v2\/media\/5"}],"wp:attachment":[{"href":"https:\/\/viljelusvoistlus.ee\/en\/wp-json\/wp\/v2\/media?parent=13"}],"curies":[{"name":"wp","href":"https:\/\/api.w.org\/{rel}","templated":true}]}}