{"id":124,"date":"2016-05-25T12:23:52","date_gmt":"2016-05-25T09:23:52","guid":{"rendered":"http:\/\/viljelusvoistlus.ee\/?page_id=124"},"modified":"2026-04-26T22:12:10","modified_gmt":"2026-04-26T19:12:10","slug":"tutvustus-2","status":"publish","type":"page","link":"https:\/\/viljelusvoistlus.ee\/en\/","title":{"rendered":"About"},"content":{"rendered":"<div id=\"pl-124\"  class=\"panel-layout\" ><div id=\"pg-124-0\"  class=\"panel-grid panel-has-style\" ><div style=\"padding: 20px 0; \" data-overlay=\"true\" class=\"panel-row-style panel-row-style-for-124-0\" ><div id=\"pgc-124-0-0\"  class=\"panel-grid-cell\" ><div id=\"panel-124-0-0-0\" class=\"so-panel widget widget_text panel-first-child panel-last-child\" data-index=\"0\" ><div style=\"text-align: left;\" data-title-color=\"#443f3f\" data-headings-color=\"#443f3f\" class=\"panel-widget-style panel-widget-style-for-124-0-0-0\" ><h3 class=\"widget-title\">Viljelusv\u00f5istlusest<\/h3>\t\t\t<div class=\"textwidget\"><p>Viljelusv\u00f5istlus on unikaalne taimekasvatuse parimate kogemuste vahetamise vorm, mille eesm\u00e4rgiks on innustada p\u00f5llumehi katsetama uusi viljelustehnoloogiaid, sorte ja tooteid. V\u00f5istlusel panevad taimekasvatajad proovile oma oskuse planeerida erinevate p\u00f5llumajandussisendite kasutamist ja p\u00f5llut\u00f6id. Samas ka julguse katsetada midagi uut, et j\u00f5uda veelgi efektiivsemate taimekasvatusmeetodite, suuremate saakide ja looduss\u00f5bralikemate v\u00f5tete tasemele. Kui Eesti muldasid ja ilmastikutingimusi peetakse \u00fcldjuhul sellisteks, mis L\u00e4\u00e4ne-Euroopaga v\u00f5rdseid saake ei v\u00f5imalda, siis just Viljelusv\u00f5istluse raames on ehedalt v\u00e4lja tulnud, et meiegi tingimustes on v\u00f5imalik saavutada ligil\u00e4hedaselt samav\u00e4\u00e4rseid tulemusi.<\/p>\n<\/div>\n\t\t<\/div><\/div><\/div><div id=\"pgc-124-0-1\"  class=\"panel-grid-cell\" ><div id=\"panel-124-0-1-0\" class=\"so-panel widget widget_sow-image panel-first-child panel-last-child\" data-index=\"1\" ><div style=\"text-align: left;\" data-title-color=\"#443f3f\" data-headings-color=\"#443f3f\" class=\"panel-widget-style panel-widget-style-for-124-0-1-0\" ><div\n\t\t\t\n\t\t\tclass=\"so-widget-sow-image so-widget-sow-image-default-8b5b6f678277-124\"\n\t\t\t\n\t\t>\n<div class=\"sow-image-container\">\n\t\t<img \n\tsrc=\"https:\/\/viljelusvoistlus.ee\/wp-content\/uploads\/2016\/05\/food-sunset-love-field.jpg\" width=\"5472\" height=\"3648\" srcset=\"https:\/\/viljelusvoistlus.ee\/wp-content\/uploads\/2016\/05\/food-sunset-love-field.jpg 5472w, https:\/\/viljelusvoistlus.ee\/wp-content\/uploads\/2016\/05\/food-sunset-love-field-300x200.jpg 300w, https:\/\/viljelusvoistlus.ee\/wp-content\/uploads\/2016\/05\/food-sunset-love-field-768x512.jpg 768w, https:\/\/viljelusvoistlus.ee\/wp-content\/uploads\/2016\/05\/food-sunset-love-field-1024x683.jpg 1024w, https:\/\/viljelusvoistlus.ee\/wp-content\/uploads\/2016\/05\/food-sunset-love-field-830x553.jpg 830w, https:\/\/viljelusvoistlus.ee\/wp-content\/uploads\/2016\/05\/food-sunset-love-field-230x153.jpg 230w, https:\/\/viljelusvoistlus.ee\/wp-content\/uploads\/2016\/05\/food-sunset-love-field-350x233.jpg 350w, https:\/\/viljelusvoistlus.ee\/wp-content\/uploads\/2016\/05\/food-sunset-love-field-272x182.jpg 272w\" sizes=\"(max-width: 5472px) 100vw, 5472px\" alt=\"\" \t\tclass=\"so-widget-image\"\/>\n\t<\/div>\n\n<\/div><\/div><\/div><\/div><\/div><\/div><div id=\"pg-124-1\"  class=\"panel-grid panel-has-style\" ><div style=\"padding: 20px 0; \" data-overlay=\"true\" class=\"panel-row-style panel-row-style-for-124-1\" ><div id=\"pgc-124-1-0\"  class=\"panel-grid-cell\" ><div id=\"panel-124-1-0-0\" class=\"so-panel widget widget_text panel-first-child panel-last-child\" data-index=\"2\" ><div style=\"text-align: left;\" data-title-color=\"#443f3f\" data-headings-color=\"#443f3f\" class=\"panel-widget-style panel-widget-style-for-124-1-0-0\" ><h3 class=\"widget-title\">Bro\u0161\u00fc\u00fcr &#8220;20 aastat viljelusv\u00f5istlust&#8221;<\/h3>\t\t\t<div class=\"textwidget\"><p><strong>20 aastat viljelusv\u00f5istlust. 20 Eesti viljakasvatajat.<\/strong><\/p>\n<p>Viljelusv\u00f5istlus \u2013 parimate ja ambitsioonikamate viljakasvatajate j\u00f5ukatsumine \u2013 on Eestis vastu pidanud juba 20 aastat. T\u00e4naseks on v\u00f5istluse ajaloost s\u00f5elale j\u00e4\u00e4nud ka 20 p\u00f5llumeest, kes on teinud midagi k\u00f5ige paremini \u2013 rekordiomanikke, mullas\u00f5bra tiitli p\u00e4lvinuid, v\u00e4lisv\u00f5istlustel edukalt esinenuid.<\/p>\n<p><strong><a href=\"https:\/\/viljelusvoistlus.ee\/wp-content\/uploads\/2025\/10\/VV-20-tr_kis_viimane.pdf\">Tutvu 2024. aastal valminud bro\u0161\u00fc\u00fcriga &#8220;20 aastat viljelusv\u00f5istlust&#8221;&gt;&gt;<\/a><\/strong><\/p>\n<\/div>\n\t\t<\/div><\/div><\/div><div id=\"pgc-124-1-1\"  class=\"panel-grid-cell\" ><div id=\"panel-124-1-1-0\" class=\"so-panel widget widget_sow-image panel-first-child panel-last-child\" data-index=\"3\" ><div style=\"text-align: left;\" data-title-color=\"#443f3f\" data-headings-color=\"#443f3f\" class=\"panel-widget-style panel-widget-style-for-124-1-1-0\" ><div\n\t\t\t\n\t\t\tclass=\"so-widget-sow-image so-widget-sow-image-default-8b5b6f678277-124\"\n\t\t\t\n\t\t>\n<div class=\"sow-image-container\">\n\t\t<img \n\tsrc=\"https:\/\/viljelusvoistlus.ee\/wp-content\/uploads\/2026\/04\/kaanefoto-20-aastat-viljelusvoistlust.png\" width=\"787\" height=\"558\" srcset=\"https:\/\/viljelusvoistlus.ee\/wp-content\/uploads\/2026\/04\/kaanefoto-20-aastat-viljelusvoistlust.png 787w, https:\/\/viljelusvoistlus.ee\/wp-content\/uploads\/2026\/04\/kaanefoto-20-aastat-viljelusvoistlust-300x213.png 300w, https:\/\/viljelusvoistlus.ee\/wp-content\/uploads\/2026\/04\/kaanefoto-20-aastat-viljelusvoistlust-768x545.png 768w, https:\/\/viljelusvoistlus.ee\/wp-content\/uploads\/2026\/04\/kaanefoto-20-aastat-viljelusvoistlust-18x12.png 18w, https:\/\/viljelusvoistlus.ee\/wp-content\/uploads\/2026\/04\/kaanefoto-20-aastat-viljelusvoistlust-480x340.png 480w, https:\/\/viljelusvoistlus.ee\/wp-content\/uploads\/2026\/04\/kaanefoto-20-aastat-viljelusvoistlust-230x163.png 230w, https:\/\/viljelusvoistlus.ee\/wp-content\/uploads\/2026\/04\/kaanefoto-20-aastat-viljelusvoistlust-350x248.png 350w, https:\/\/viljelusvoistlus.ee\/wp-content\/uploads\/2026\/04\/kaanefoto-20-aastat-viljelusvoistlust-600x425.png 600w\" sizes=\"(max-width: 787px) 100vw, 787px\" title=\"kaanefoto 20 aastat viljelusv\u00f5istlust\" alt=\"\" \t\tclass=\"so-widget-image\"\/>\n\t<\/div>\n\n<\/div><\/div><\/div><\/div><\/div><\/div><div id=\"pg-124-2\"  class=\"panel-grid panel-has-style\" ><div style=\"padding: 100px 0; \" data-overlay=\"true\" class=\"panel-row-style panel-row-style-for-124-2\" ><div id=\"pgc-124-2-0\"  class=\"panel-grid-cell\" ><div id=\"panel-124-2-0-0\" class=\"so-panel widget widget_sydney_latest_news sydney_latest_news_widget panel-first-child panel-last-child\" data-index=\"4\" >\t\t<h3 class=\"widget-title\">Uudised<\/h3>\r\n\t\t\t\t\t<div class=\"blog-post col-md-4 col-sm-6 col-xs-12\">\r\n\t\t\t\t\t\t\t\t\t\r\n\t\t\t<h4 class=\"entry-title\"><a href=\"https:\/\/viljelusvoistlus.ee\/en\/2026\/04\/01\/tanavu-toimub-juba-22-viljelusvoistlus\/\" rel=\"bookmark\">T\u00e4navu toimub juba 22. viljelusv\u00f5istlus<\/a><\/h4>\t\t\t\t<div class=\"entry-summary\"><p>Registreeru osalema&gt;&gt;<\/p>\n<\/div>\r\n\t\t\t<\/div>\r\n\t\t\t\t\t<div class=\"blog-post col-md-4 col-sm-6 col-xs-12\">\r\n\t\t\t\t\t\t\t\t\t\r\n\t\t\t<h4 class=\"entry-title\"><a href=\"https:\/\/viljelusvoistlus.ee\/en\/2025\/10\/15\/viljelusvoistlus-2025-lopukonverents\/\" rel=\"bookmark\">Viljelusv\u00f5istlus 2025 l\u00f5pukonverents<\/a><\/h4>\t\t\t\t<div class=\"entry-summary\"><p>Aeg: 21. november 2025 Koht: Alatskivi s\u00f5iduhobuste tall, Lossi 6, Alatskivi, Peipsi\u00e4\u00e4re vald, Tartumaa Korraldajad: Viljelusp\u00e4evad MT\u00dc ja Maaelu Teadmuskeskus \u00dcritus toimub Alatskivil kohapeal ja veebis. P\u00e4evakava 9.30 Kogunemine, tervituskohv 10.00 Avas\u00f5nad korraldajatelt \u2013 Andre Veskioja (METK), Margus Ameerikas (Baltic Agro) 10.10 Tervituss\u00f5nad Alatskivi lossi esindajalt \u2013 Laura Lillepalu-Scott 10.20 \u00dclevaade taimekasvatushooajast 2025, suunad tulevikuks [&hellip;]<\/p>\n<\/div>\r\n\t\t\t<\/div>\r\n\t\t\t\t\t<div class=\"blog-post col-md-4 col-sm-6 col-xs-12\">\r\n\t\t\t\t\t\t\t\t\t\r\n\t\t\t<h4 class=\"entry-title\"><a href=\"https:\/\/viljelusvoistlus.ee\/en\/2025\/10\/15\/voistluspollud-2025-talinisud\/\" rel=\"bookmark\">V\u00f5istlusp\u00f5llud 2025 &#8211; talinisud<\/a><\/h4>\t\t\t\t<div class=\"entry-summary\"><p>Talinisu saagikus oli k\u00e4esoleva aasta k\u00f5ige suurem pettumus &#8211; 2 kuni 3 tonni j\u00e4id hektarisaagid oodatust madalamaks, lisaks kvaliteedi probleemid. Arvestatud 13 p\u00f5llu keskmiseks saagikuseks j\u00e4i vaid 7,3 t\/ha, mis on isegi tonni v\u00f5rra v\u00e4hem kui oli taliotradel. Parim nisusaak 9 t\/ha on 70% senisest nisu saagirekordist 12,8 t\/ha, mis on Erki Plamus nimel aastast [&hellip;]<\/p>\n<\/div>\r\n\t\t\t<\/div>\r\n\t\t\r\n\t\t\t\t\t\t\t<a href=\"https:\/\/viljelusvoistlus.ee\/en\/uudised\/\" class=\"roll-button more-button\">K\u00f5ik uudised<\/a>\r\n\t\t\t\t\r\n\t<\/div><\/div><\/div><\/div><div id=\"pg-124-3\"  class=\"panel-grid panel-has-style\" ><div style=\"padding: 20px 0; \" data-overlay=\"true\" class=\"panel-row-style panel-row-style-for-124-3\" ><div id=\"pgc-124-3-0\"  class=\"panel-grid-cell\" ><div id=\"panel-124-3-0-0\" class=\"so-panel widget widget_bwp_gallery bwp_gallery panel-first-child\" data-index=\"5\" ><div style=\"text-align: left;\" data-title-color=\"#443f3f\" data-headings-color=\"#443f3f\" class=\"panel-widget-style panel-widget-style-for-124-3-0-0\" ><h3 class=\"widget-title\">Galerii<\/h3><style id=\"bwg-style-0\">    #bwg_container1_0 #bwg_container2_0 .bwg-container-0.bwg-standard-thumbnails {\n      width: 1004px;\n              justify-content: center;\n        margin:0 auto !important;\n              background-color: rgba(255, 255, 255, 0.00);\n            padding-left: 4px;\n      padding-top: 4px;\n      max-width: 100%;\n            }\n        #bwg_container1_0 #bwg_container2_0 .bwg-container-0.bwg-standard-thumbnails .bwg-item {\n    justify-content: flex-start;\n      max-width: 250px;\n            width: 250px !important;\n          }\n    #bwg_container1_0 #bwg_container2_0 .bwg-container-0.bwg-standard-thumbnails .bwg-item a {\n       margin-right: 4px;\n       margin-bottom: 4px;\n    }\n    #bwg_container1_0 #bwg_container2_0 .bwg-container-0.bwg-standard-thumbnails .bwg-item0 {\n      padding: 0px;\n            background-color:rgba(255,255,255, 0.30);\n      border: 0px none #CCCCCC;\n      opacity: 1.00;\n      border-radius: 0;\n      box-shadow: 0px 0px 0px #888888;\n    }\n    #bwg_container1_0 #bwg_container2_0 .bwg-container-0.bwg-standard-thumbnails .bwg-item1 img {\n      max-height: none;\n      max-width: none;\n      padding: 0 !important;\n    }\n        @media only screen and (min-width: 480px) {\n      #bwg_container1_0 #bwg_container2_0 .bwg-container-0.bwg-standard-thumbnails .bwg-item0 {\n        transition: all 0.3s ease 0s;-webkit-transition: all 0.3s ease 0s;      }\n      #bwg_container1_0 #bwg_container2_0 .bwg-container-0.bwg-standard-thumbnails .bwg-item0:hover {\n        -ms-transform: scale(1.1);\n        -webkit-transform: scale(1.1);\n        transform: scale(1.1);\n      }\n    }\n          #bwg_container1_0 #bwg_container2_0 .bwg-container-0.bwg-standard-thumbnails .bwg-item1 {\n      padding-top: 100%;\n    }\n        #bwg_container1_0 #bwg_container2_0 .bwg-container-0.bwg-standard-thumbnails .bwg-title1 {\n      position: absolute;\n      top: 0;\n      z-index: 100;\n      width: 100%;\n      height: 100%;\n      display: flex;\n      justify-content: center;\n      align-content: center;\n      flex-direction: column;\n      opacity: 0;\n    }\n\t      #bwg_container1_0 #bwg_container2_0 .bwg-container-0.bwg-standard-thumbnails .bwg-title2,\n    #bwg_container1_0 #bwg_container2_0 .bwg-container-0.bwg-standard-thumbnails .bwg-ecommerce2 {\n      color: #FFFFFF;\n      font-family: segoe ui;\n      font-size: 16px;\n      font-weight: bold;\n      padding: 2px;\n      text-shadow: 0px 0px 0px #888888;\n      max-height: 100%;\n    }\n    #bwg_container1_0 #bwg_container2_0 .bwg-container-0.bwg-standard-thumbnails .bwg-thumb-description span {\n    color: #323A45;\n    font-family: Ubuntu;\n    font-size: 12px;\n    max-height: 100%;\n    word-wrap: break-word;\n    }\n    #bwg_container1_0 #bwg_container2_0 .bwg-container-0.bwg-standard-thumbnails .bwg-play-icon2 {\n      font-size: 32px;\n    }\n    #bwg_container1_0 #bwg_container2_0 .bwg-container-0.bwg-standard-thumbnails .bwg-ecommerce2 {\n      font-size: 19.2px;\n      color: #CCCCCC;\n    }\n    <\/style>\n    <div id=\"bwg_container1_0\"\n         class=\"bwg_container bwg_thumbnail bwg_thumbnails \"\n         data-right-click-protection=\"0\"\n         data-bwg=\"0\"\n         data-scroll=\"0\"\n         data-gallery-type=\"thumbnails\"\n         data-gallery-view-type=\"thumbnails\"\n         data-current-url=\"\/en\/wp-json\/wp\/v2\/pages\/124\"\n         data-lightbox-url=\"https:\/\/viljelusvoistlus.ee\/wp-admin\/admin-ajax.php?action=GalleryBox&#038;current_view=0&#038;gallery_id=7&#038;tag=0&#038;theme_id=1&#038;shortcode_id=0&#038;sort_by=casual&#038;order_by=ASC&#038;current_url=%2Fen%2Fwp-json%2Fwp%2Fv2%2Fpages%2F124\"\n         data-gallery-id=\"7\"\n         data-popup-width=\"800\"\n         data-popup-height=\"500\"\n         data-is-album=\"gallery\"\n         data-buttons-position=\"bottom\">\n      <div id=\"bwg_container2_0\">\n             <div id=\"ajax_loading_0\" class=\"bwg_loading_div_1\">\n      <div class=\"bwg_loading_div_2\">\n        <div class=\"bwg_loading_div_3\">\n          <div id=\"loading_div_0\" class=\"bwg_spider_ajax_loading\">\n          <\/div>\n        <\/div>\n      <\/div>\n    <\/div>\n            <form id=\"gal_front_form_0\"\n              class=\"bwg-hidden\"              method=\"post\"\n              action=\"#\"\n              data-current=\"0\"\n              data-shortcode-id=\"0\"\n              data-gallery-type=\"thumbnails\"\n              data-gallery-id=\"7\"\n              data-tag=\"0\"\n              data-album-id=\"0\"\n              data-theme-id=\"1\"\n              data-ajax-url=\"https:\/\/viljelusvoistlus.ee\/wp-admin\/admin-ajax.php?action=bwg_frontend_data\">\n          <div id=\"bwg_container3_0\" class=\"bwg-background bwg-background-0\">\n                <div data-max-count=\"4\"\n         data-thumbnail-width=\"250\"\n         data-bwg=\"0\"\n         data-gallery-id=\"7\"\n         data-lightbox-url=\"https:\/\/viljelusvoistlus.ee\/wp-admin\/admin-ajax.php?action=GalleryBox&amp;current_view=0&amp;gallery_id=7&amp;tag=0&amp;theme_id=1&amp;shortcode_id=0&amp;sort_by=casual&amp;order_by=ASC&amp;current_url=%2Fen%2Fwp-json%2Fwp%2Fv2%2Fpages%2F124\"\n         id=\"bwg_thumbnails_0\"\n         class=\"bwg-container-0 bwg-thumbnails bwg-standard-thumbnails bwg-container bwg-border-box\">\n            <div class=\"bwg-item\">\n        <a class=\"bwg-a  bwg_lightbox\"  data-image-id=\"174\" href=\"https:\/\/viljelusvoistlus.ee\/wp-content\/uploads\/photo-gallery\/imported_from_media_libray\/Kalle-Kivirt-p\u00a6ldhernes-scaled.jpg?bwg=1663157514\" data-elementor-open-lightbox=\"no\">\n                <div class=\"bwg-item0 \">\n          <div class=\"bwg-item1 \">\n            <div class=\"bwg-item2\">\n              <img decoding=\"async\" class=\"skip-lazy bwg_standart_thumb_img_0 \"\n                   data-id=\"174\"\n                   data-width=\"\"\n                   data-height=\"\"\n                   data-src=\"https:\/\/viljelusvoistlus.ee\/wp-content\/uploads\/photo-gallery\/imported_from_media_libray\/thumb\/Kalle-Kivirt-p\u00a6ldhernes-scaled.jpg?bwg=1663157514\"\n                   src=\"https:\/\/viljelusvoistlus.ee\/wp-content\/uploads\/photo-gallery\/imported_from_media_libray\/thumb\/Kalle-Kivirt-p\u00a6ldhernes-scaled.jpg?bwg=1663157514\"\n                   alt=\"Kalle Kivirt, p\u00f5ldhernes\"\n                   title=\"Kalle Kivirt, p\u00f5ldhernes\" \/>\n            <\/div>\n            <div class=\"\">\n              <div class=\"bwg-title1\"><div class=\"bwg-title2\">Kalle Kivirt, p\u00f5ldhernes<\/div><\/div>                                        <\/div>\n          <\/div>\n        <\/div>\n                        <\/a>\n              <\/div>\n            <div class=\"bwg-item\">\n        <a class=\"bwg-a  bwg_lightbox\"  data-image-id=\"148\" href=\"https:\/\/viljelusvoistlus.ee\/wp-content\/uploads\/photo-gallery\/imported_from_media_libray\/Dmiti-Jeriov-suvioder-scaled.jpg?bwg=1663157514\" data-elementor-open-lightbox=\"no\">\n                <div class=\"bwg-item0 \">\n          <div class=\"bwg-item1 \">\n            <div class=\"bwg-item2\">\n              <img decoding=\"async\" class=\"skip-lazy bwg_standart_thumb_img_0 \"\n                   data-id=\"148\"\n                   data-width=\"\"\n                   data-height=\"\"\n                   data-src=\"https:\/\/viljelusvoistlus.ee\/wp-content\/uploads\/photo-gallery\/imported_from_media_libray\/thumb\/Dmiti-Jeriov-suvioder-scaled.jpg?bwg=1663157514\"\n                   src=\"https:\/\/viljelusvoistlus.ee\/wp-content\/uploads\/photo-gallery\/imported_from_media_libray\/thumb\/Dmiti-Jeriov-suvioder-scaled.jpg?bwg=1663157514\"\n                   alt=\"Dmiti Jer\u0161ov, suvioder\"\n                   title=\"Dmiti Jer\u0161ov, suvioder\" \/>\n            <\/div>\n            <div class=\"\">\n              <div class=\"bwg-title1\"><div class=\"bwg-title2\">Dmiti Jer\u0161ov, suvioder<\/div><\/div>                                        <\/div>\n          <\/div>\n        <\/div>\n                        <\/a>\n              <\/div>\n            <div class=\"bwg-item\">\n        <a class=\"bwg-a  bwg_lightbox\"  data-image-id=\"182\" href=\"https:\/\/viljelusvoistlus.ee\/wp-content\/uploads\/photo-gallery\/imported_from_media_libray\/Erki-Oidermaa-suvioder-scaled.jpg?bwg=1663157514\" data-elementor-open-lightbox=\"no\">\n                <div class=\"bwg-item0 \">\n          <div class=\"bwg-item1 \">\n            <div class=\"bwg-item2\">\n              <img decoding=\"async\" class=\"skip-lazy bwg_standart_thumb_img_0 \"\n                   data-id=\"182\"\n                   data-width=\"\"\n                   data-height=\"\"\n                   data-src=\"https:\/\/viljelusvoistlus.ee\/wp-content\/uploads\/photo-gallery\/imported_from_media_libray\/thumb\/Erki-Oidermaa-suvioder-scaled.jpg?bwg=1663157514\"\n                   src=\"https:\/\/viljelusvoistlus.ee\/wp-content\/uploads\/photo-gallery\/imported_from_media_libray\/thumb\/Erki-Oidermaa-suvioder-scaled.jpg?bwg=1663157514\"\n                   alt=\"Erki Oidermaa, suvioder\"\n                   title=\"Erki Oidermaa, suvioder\" \/>\n            <\/div>\n            <div class=\"\">\n              <div class=\"bwg-title1\"><div class=\"bwg-title2\">Erki Oidermaa, suvioder<\/div><\/div>                                        <\/div>\n          <\/div>\n        <\/div>\n                        <\/a>\n              <\/div>\n            <div class=\"bwg-item\">\n        <a class=\"bwg-a  bwg_lightbox\"  data-image-id=\"167\" href=\"https:\/\/viljelusvoistlus.ee\/wp-content\/uploads\/photo-gallery\/imported_from_media_libray\/Mnrt-Hubert-Heil-talinisu-scaled.jpg?bwg=1663157514\" data-elementor-open-lightbox=\"no\">\n                <div class=\"bwg-item0 \">\n          <div class=\"bwg-item1 \">\n            <div class=\"bwg-item2\">\n              <img decoding=\"async\" class=\"skip-lazy bwg_standart_thumb_img_0 \"\n                   data-id=\"167\"\n                   data-width=\"\"\n                   data-height=\"\"\n                   data-src=\"https:\/\/viljelusvoistlus.ee\/wp-content\/uploads\/photo-gallery\/imported_from_media_libray\/thumb\/Mnrt-Hubert-Heil-talinisu-scaled.jpg?bwg=1663157514\"\n                   src=\"https:\/\/viljelusvoistlus.ee\/wp-content\/uploads\/photo-gallery\/imported_from_media_libray\/thumb\/Mnrt-Hubert-Heil-talinisu-scaled.jpg?bwg=1663157514\"\n                   alt=\"M\u00e4rt-Hubert Heil, talinisu\"\n                   title=\"M\u00e4rt-Hubert Heil, talinisu\" \/>\n            <\/div>\n            <div class=\"\">\n              <div class=\"bwg-title1\"><div class=\"bwg-title2\">M\u00e4rt-Hubert Heil, talinisu<\/div><\/div>                                        <\/div>\n          <\/div>\n        <\/div>\n                        <\/a>\n              <\/div>\n          <\/div>\n              <\/div>\n        <\/form>\n        <style>          #bwg_container1_0 #bwg_container2_0 #spider_popup_overlay_0 {\n          background-color: #000000;\n          opacity: 0.70;\n          }\n          <\/style>        <div id=\"bwg_spider_popup_loading_0\" class=\"bwg_spider_popup_loading\"><\/div>\n        <div id=\"spider_popup_overlay_0\" class=\"spider_popup_overlay\" onclick=\"spider_destroypopup(1000)\"><\/div>\n        <input type=\"hidden\" id=\"bwg_random_seed_0\" value=\"1438408928\">\n                <\/div>\n    <\/div>\n    <script>\n      if (document.readyState === 'complete') {\n        if( typeof bwg_main_ready == 'function' ) {\n          if ( jQuery(\"#bwg_container1_0\").height() ) {\n            bwg_main_ready(jQuery(\"#bwg_container1_0\"));\n          }\n        }\n      } else {\n        document.addEventListener('DOMContentLoaded', function() {\n          if( typeof bwg_main_ready == 'function' ) {\n            if ( jQuery(\"#bwg_container1_0\").height() ) {\n             bwg_main_ready(jQuery(\"#bwg_container1_0\"));\n            }\n          }\n        });\n      }\n    <\/script>\n    <\/div><\/div><div id=\"panel-124-3-0-1\" class=\"so-panel widget widget_sow-editor\" data-index=\"6\" ><div\n\t\t\t\n\t\t\tclass=\"so-widget-sow-editor so-widget-sow-editor-base\"\n\t\t\t\n\t\t>\n<div class=\"siteorigin-widget-tinymce textwidget\">\n\t<p>\u00a0<\/p>\n<p>\u00a0<\/p>\n<\/div>\n<\/div><\/div><div id=\"panel-124-3-0-2\" class=\"so-panel widget widget_sow-button panel-last-child\" data-index=\"7\" ><div\n\t\t\t\n\t\t\tclass=\"so-widget-sow-button so-widget-sow-button-flat-44fb996449ae-1775\"\n\t\t\t\n\t\t><div class=\"ow-button-base ow-button-align-center\"\n>\n\t\t\t<a\n\t\t\t\t\thref=\"http:\/\/viljelusvoistlus.ee\/galerii\/\"\n\t\t\t\t\tclass=\"sowb-button ow-icon-placement-left ow-button-hover\" \t>\n\t\t<span>\n\t\t\t\n\t\t\tVAATAN K\u00d5IKI PILTE\t\t<\/span>\n\t\t\t<\/a>\n\t<\/div>\n<\/div><\/div><\/div><\/div><\/div><\/div>","protected":false},"excerpt":{"rendered":"<p>Viljelusv\u00f5istlus on unikaalne taimekasvatuse parimate kogemuste vahetamise vorm, mille eesm\u00e4rgiks on innustada p\u00f5llumehi katsetama uusi viljelustehnoloogiaid, sorte ja tooteid. V\u00f5istlusel panevad taimekasvatajad proovile oma oskuse planeerida erinevate p\u00f5llumajandussisendite kasutamist ja p\u00f5llut\u00f6id. Samas ka julguse katsetada midagi uut, et j\u00f5uda veelgi efektiivsemate taimekasvatusmeetodite, suuremate saakide ja looduss\u00f5bralikemate v\u00f5tete tasemele. Kui Eesti muldasid ja ilmastikutingimusi peetakse \u00fcldjuhul [&hellip;]<\/p>\n","protected":false},"author":9,"featured_media":0,"parent":0,"menu_order":0,"comment_status":"closed","ping_status":"closed","template":"page-templates\/page_fullwidth.php","meta":{"two_page_speed":null,"footnotes":""},"class_list":["post-124","page","type-page","status-publish","hentry"],"_links":{"self":[{"href":"https:\/\/viljelusvoistlus.ee\/en\/wp-json\/wp\/v2\/pages\/124","targetHints":{"allow":["GET"]}}],"collection":[{"href":"https:\/\/viljelusvoistlus.ee\/en\/wp-json\/wp\/v2\/pages"}],"about":[{"href":"https:\/\/viljelusvoistlus.ee\/en\/wp-json\/wp\/v2\/types\/page"}],"author":[{"embeddable":true,"href":"https:\/\/viljelusvoistlus.ee\/en\/wp-json\/wp\/v2\/users\/9"}],"replies":[{"embeddable":true,"href":"https:\/\/viljelusvoistlus.ee\/en\/wp-json\/wp\/v2\/comments?post=124"}],"version-history":[{"count":5,"href":"https:\/\/viljelusvoistlus.ee\/en\/wp-json\/wp\/v2\/pages\/124\/revisions"}],"predecessor-version":[{"id":2380,"href":"https:\/\/viljelusvoistlus.ee\/en\/wp-json\/wp\/v2\/pages\/124\/revisions\/2380"}],"wp:attachment":[{"href":"https:\/\/viljelusvoistlus.ee\/en\/wp-json\/wp\/v2\/media?parent=124"}],"curies":[{"name":"wp","href":"https:\/\/api.w.org\/{rel}","templated":true}]}}