{"id":807,"date":"2018-11-30T06:31:35","date_gmt":"2018-11-30T04:31:35","guid":{"rendered":"http:\/\/viljelusvoistlus.ee\/?page_id=807"},"modified":"2019-01-09T10:52:35","modified_gmt":"2019-01-09T08:52:35","slug":"kvaliteet","status":"publish","type":"page","link":"http:\/\/viljelusvoistlus.ee\/en\/2005-2\/2018-saagikus\/kvaliteet\/","title":{"rendered":"Kvaliteet 2018"},"content":{"rendered":"<table width=\"1295\">\n<tbody>\n<tr>\n<td width=\"83\"><\/td>\n<td width=\"133\"><\/td>\n<td width=\"147\"><\/td>\n<td width=\"90\"><\/td>\n<td width=\"87\"><\/td>\n<td width=\"72\"><\/td>\n<td width=\"36\"><\/td>\n<td width=\"40\"><\/td>\n<td width=\"75\">Niiskus<\/td>\n<td width=\"78\"><\/td>\n<td width=\"82\">Pr\u00fcgilisand<\/td>\n<td width=\"55\">Arvest.<\/td>\n<td width=\"40\">\u00a0M\u00e4rg<\/td>\n<td width=\"110\">Kuivatus\/<\/td>\n<td width=\"69\">Kuiv kaal<\/td>\n<td rowspan=\"2\" width=\"98\">Kvaliteet koht<\/td>\n<\/tr>\n<tr>\n<td width=\"83\">Kultuur<\/td>\n<td width=\"133\">Esindaja<\/td>\n<td width=\"147\">Ettev\u00f5te<\/td>\n<td width=\"90\">Maakond<\/td>\n<td width=\"87\">Kultuur<\/td>\n<td width=\"72\">Sort<\/td>\n<td width=\"36\">Pind<\/td>\n<td>Saak<\/td>\n<td width=\"75\">p\u00f5llult<\/td>\n<td width=\"78\">Kuivatatult<\/td>\n<td width=\"82\">kokku<\/td>\n<td width=\"55\">pindala<\/td>\n<td width=\"40\">kaal<\/td>\n<td width=\"110\">puhastuskadu<\/td>\n<td width=\"69\">14 v 7%<\/td>\n<\/tr>\n<tr>\n<td><\/td>\n<td><\/td>\n<td><\/td>\n<td><\/td>\n<td><\/td>\n<td><\/td>\n<td>ha<\/td>\n<td>t\/ha<\/td>\n<td>%<\/td>\n<td>%<\/td>\n<td>%<\/td>\n<td>m<sup>2<\/sup><\/td>\n<td>kg<\/td>\n<td>%<\/td>\n<td>kg<\/td>\n<td><\/td>\n<\/tr>\n<tr>\n<td>Raps<\/td>\n<td>Jaak T\u00f5ks<\/td>\n<td>Perevara AS<\/td>\n<td>J\u00f5gevamaa<\/td>\n<td>taliraps<\/td>\n<td>Mercedes<\/td>\n<td>10,0<\/td>\n<td>4,4<\/td>\n<td>12,3<\/td>\n<td>5,8<\/td>\n<td>1,4<\/td>\n<td>10 298<\/td>\n<td>4 900<\/td>\n<td>7,1<\/td>\n<td>4 552<\/td>\n<td>1<\/td>\n<\/tr>\n<tr>\n<td><\/td>\n<td>Keit Kirila<\/td>\n<td>Kerseli O\u00dc<\/td>\n<td>J\u00f5gevamaa<\/td>\n<td>taliraps<\/td>\n<td>DK Seax<\/td>\n<td>27,6<\/td>\n<td>5,3<\/td>\n<td>12,7<\/td>\n<td>6,0<\/td>\n<td>0,8<\/td>\n<td>13 250<\/td>\n<td>7 520<\/td>\n<td>6,9<\/td>\n<td>6 999<\/td>\n<td>2<\/td>\n<\/tr>\n<tr>\n<td><\/td>\n<td>Tiit Tamme<\/td>\n<td>Tamme talu<\/td>\n<td>Raplamaa<\/td>\n<td>talir\u00fcps<\/td>\n<td>Legato<\/td>\n<td>13,9<\/td>\n<td>2,1<\/td>\n<td>7,3<\/td>\n<td>7,3<\/td>\n<td>4,8<\/td>\n<td>5 700<\/td>\n<td>1 260<\/td>\n<td>5,1<\/td>\n<td>1 195<\/td>\n<td>1 mahe<\/td>\n<\/tr>\n<tr>\n<td><\/td>\n<td><\/td>\n<td><\/td>\n<td><\/td>\n<td><\/td>\n<td><\/td>\n<td><\/td>\n<td><\/td>\n<td><\/td>\n<td><\/td>\n<td><\/td>\n<td><\/td>\n<td><\/td>\n<td><\/td>\n<td><\/td>\n<td><\/td>\n<\/tr>\n<tr>\n<td>Rukis<\/td>\n<td>Aare Leidik<\/td>\n<td>Luunja M\u00f5is O\u00dc<\/td>\n<td>Tartumaa<\/td>\n<td>rukis<\/td>\n<td>Bono<\/td>\n<td>36,8<\/td>\n<td>9,6<\/td>\n<td>14,9<\/td>\n<td>13,1<\/td>\n<td>0,1<\/td>\n<td>8 400<\/td>\n<td>8 140<\/td>\n<td>1,1<\/td>\n<td>8 047<\/td>\n<td>1<\/td>\n<\/tr>\n<tr>\n<td><\/td>\n<td>Tanel T\u00f5rvand<\/td>\n<td>Vitsj\u00e4rve P\u00f5ldur O\u00dc<\/td>\n<td>J\u00f5gevamaa<\/td>\n<td>rukis<\/td>\n<td>Bono<\/td>\n<td>22,3<\/td>\n<td>8,5<\/td>\n<td>12,9<\/td>\n<td>12,9<\/td>\n<td>0,1<\/td>\n<td>7 600<\/td>\n<td>6 360<\/td>\n<td>-1,2<\/td>\n<td>6 435<\/td>\n<td>2<\/td>\n<\/tr>\n<tr>\n<td><\/td>\n<td>Tuuli Vaarak<\/td>\n<td>Savikoti Agro O\u00dc<\/td>\n<td>Viljandimaa<\/td>\n<td>rukis<\/td>\n<td>Palazzo<\/td>\n<td>24,5<\/td>\n<td>8,4<\/td>\n<td>13,9<\/td>\n<td>13,9<\/td>\n<td>0,1<\/td>\n<td>6 900<\/td>\n<td>5 800<\/td>\n<td>0,0<\/td>\n<td>5 801<\/td>\n<td>3<\/td>\n<\/tr>\n<tr>\n<td><\/td>\n<td>J\u00fcri Ilves<\/td>\n<td>Caro Mahe O\u00dc<\/td>\n<td>J\u00e4rvamaa<\/td>\n<td>rukis<\/td>\n<td>Elvi<\/td>\n<td>13,6<\/td>\n<td>4,1<\/td>\n<td>14,9<\/td>\n<td>13,5<\/td>\n<td>0,6<\/td>\n<td>8 200<\/td>\n<td>3 420<\/td>\n<td>1,6<\/td>\n<td>3 364<\/td>\n<td>1 mahe<\/td>\n<\/tr>\n<tr>\n<td><\/td>\n<td>M\u00e4rtin R\u00f5\u00f5musaar<\/td>\n<td>Raismikuoja O\u00dc<\/td>\n<td>J\u00e4rvamaa<\/td>\n<td>rukis<\/td>\n<td>Sangaste<\/td>\n<td>14,5<\/td>\n<td>2,3<\/td>\n<td>14,6<\/td>\n<td>14,6<\/td>\n<td>0,2<\/td>\n<td>7 000<\/td>\n<td>1 620<\/td>\n<td>0,9<\/td>\n<td>1 605<\/td>\n<td>2 mahe<\/td>\n<\/tr>\n<tr>\n<td><\/td>\n<td><\/td>\n<td><\/td>\n<td><\/td>\n<td><\/td>\n<td><\/td>\n<td><\/td>\n<td><\/td>\n<td><\/td>\n<td><\/td>\n<td><\/td>\n<td><\/td>\n<td><\/td>\n<td><\/td>\n<td><\/td>\n<td><\/td>\n<\/tr>\n<tr>\n<td>Oder<\/td>\n<td>Tanel T\u00f5rvand<\/td>\n<td>Vitsj\u00e4rve P\u00f5ldur O\u00dc<\/td>\n<td>J\u00f5gevamaa<\/td>\n<td>talioder<\/td>\n<td>Frigg<\/td>\n<td>14,0<\/td>\n<td>7,8<\/td>\n<td>13,4<\/td>\n<td>13,4<\/td>\n<td>0,4<\/td>\n<td>8 300<\/td>\n<td>6 457<\/td>\n<td>-0,3<\/td>\n<td>6 476<\/td>\n<td><\/td>\n<\/tr>\n<tr>\n<td><\/td>\n<td>Katrin Tootsman<\/td>\n<td>Paunvere Agro O\u00dc<\/td>\n<td>J\u00f5gevamaa<\/td>\n<td>varane oder<\/td>\n<td>Akusti<\/td>\n<td>32,2<\/td>\n<td>6,0<\/td>\n<td>11,6<\/td>\n<td>11,6<\/td>\n<td>0,1<\/td>\n<td>9 331<\/td>\n<td>5 440<\/td>\n<td>-2,7<\/td>\n<td>5 586<\/td>\n<td>1<\/td>\n<\/tr>\n<tr>\n<td><\/td>\n<td>Margus Klais<\/td>\n<td>R\u00e4msi Agro O\u00dc<\/td>\n<td>Tartumaa<\/td>\n<td>talioder<\/td>\n<td>Tenor<\/td>\n<td>10,0<\/td>\n<td>7,7<\/td>\n<td>11,8<\/td>\n<td>11,8<\/td>\n<td>0,8<\/td>\n<td>10 700<\/td>\n<td>8 100<\/td>\n<td>-1,7<\/td>\n<td>8 240<\/td>\n<td>2<\/td>\n<\/tr>\n<tr>\n<td><\/td>\n<td>Erik Paalman<\/td>\n<td>Paali Seemnekeskus<\/td>\n<td>P\u00f5lvamaa<\/td>\n<td>talioder<\/td>\n<td>Tenor<\/td>\n<td>10,7<\/td>\n<td>9,0<\/td>\n<td>15,2<\/td>\n<td>13,0<\/td>\n<td>1,0<\/td>\n<td>7 676<\/td>\n<td>7 050<\/td>\n<td>2,4<\/td>\n<td>6 882<\/td>\n<td>3<\/td>\n<\/tr>\n<tr>\n<td><\/td>\n<td><\/td>\n<td><\/td>\n<td><\/td>\n<td><\/td>\n<td><\/td>\n<td><\/td>\n<td><\/td>\n<td><\/td>\n<td><\/td>\n<td><\/td>\n<td><\/td>\n<td><\/td>\n<td><\/td>\n<td><\/td>\n<td><\/td>\n<\/tr>\n<tr>\n<td>Nisu<\/td>\n<td>Jaak T\u00f5ks<\/td>\n<td>Perevara AS<\/td>\n<td>J\u00f5gevamaa<\/td>\n<td>talinisu<\/td>\n<td>Edvins<\/td>\n<td>12,6<\/td>\n<td>8,2<\/td>\n<td>19,9<\/td>\n<td>12,0<\/td>\n<td>0,1<\/td>\n<td>11 190<\/td>\n<td>9 920<\/td>\n<td>7,0<\/td>\n<td>9 230<\/td>\n<td>1<\/td>\n<\/tr>\n<tr>\n<td><\/td>\n<td>Tuuli Vaarak<\/td>\n<td>Savikoti Agro O\u00dc<\/td>\n<td>Viljandimaa<\/td>\n<td>talinisu<\/td>\n<td>Janne<\/td>\n<td>23,3<\/td>\n<td>6,1<\/td>\n<td>12,5<\/td>\n<td>12,5<\/td>\n<td>0,1<\/td>\n<td>5 200<\/td>\n<td>3 100<\/td>\n<td>-1,6<\/td>\n<td>3 151<\/td>\n<td>2<\/td>\n<\/tr>\n<tr>\n<td><\/td>\n<td>Margus Klais<\/td>\n<td>R\u00e4msi Agro O\u00dc<\/td>\n<td>Tartumaa<\/td>\n<td>talinisu<\/td>\n<td>Creator<\/td>\n<td>10,0<\/td>\n<td>8,1<\/td>\n<td>10,8<\/td>\n<td>10,8<\/td>\n<td>0,3<\/td>\n<td>10 200<\/td>\n<td>7 960<\/td>\n<td>-3,4<\/td>\n<td>8 232<\/td>\n<td>3<\/td>\n<\/tr>\n<tr>\n<td><\/td>\n<td>J\u00fcri Ilves<\/td>\n<td>Caro Mahe O\u00dc<\/td>\n<td>J\u00e4rvamaa<\/td>\n<td>suvinisu<\/td>\n<td>Mooni<\/td>\n<td>10,1<\/td>\n<td>3,5<\/td>\n<td>14,5<\/td>\n<td>14,5<\/td>\n<td>1,4<\/td>\n<td>8 500<\/td>\n<td>3 040<\/td>\n<td>2,0<\/td>\n<td>2 980<\/td>\n<td>1 mahe<\/td>\n<\/tr>\n<tr>\n<td><\/td>\n<td><\/td>\n<td><\/td>\n<td><\/td>\n<td><\/td>\n<td><\/td>\n<td><\/td>\n<td><\/td>\n<td><\/td>\n<td><\/td>\n<td><\/td>\n<td><\/td>\n<td><\/td>\n<td><\/td>\n<td><\/td>\n<td><\/td>\n<\/tr>\n<tr>\n<td>Kaer<\/td>\n<td>J\u00fcri Ilves<\/td>\n<td>Caro Mahe O\u00dc<\/td>\n<td>J\u00e4rvamaa<\/td>\n<td>kaer<\/td>\n<td>Peppi<\/td>\n<td>11,6<\/td>\n<td>3,8<\/td>\n<td>15,1<\/td>\n<td>12,4<\/td>\n<td>0,6<\/td>\n<td>6 800<\/td>\n<td>2 660<\/td>\n<td>1,9<\/td>\n<td>2 610<\/td>\n<td>1 mahe<\/td>\n<\/tr>\n<tr>\n<td><\/td>\n<td><\/td>\n<td><\/td>\n<td><\/td>\n<td><\/td>\n<td><\/td>\n<td><\/td>\n<td><\/td>\n<td><\/td>\n<td><\/td>\n<td><\/td>\n<td><\/td>\n<td><\/td>\n<td><\/td>\n<td><\/td>\n<td><\/td>\n<\/tr>\n<tr>\n<td>P\u00f5ldhernes<\/td>\n<td>Erik Paalman<\/td>\n<td>Paali Seemnekeskus<\/td>\n<td>P\u00f5lvamaa<\/td>\n<td>p\u00f5ldhernes<\/td>\n<td>Bagoo<\/td>\n<td>10,2<\/td>\n<td>5,0<\/td>\n<td>13,1<\/td>\n<td>13,1<\/td>\n<td>0,2<\/td>\n<td>11 408<\/td>\n<td>5 600<\/td>\n<td>-0,9<\/td>\n<td>5 649<\/td>\n<td><\/td>\n<\/tr>\n<tr>\n<td><\/td>\n<td>Margus Klais<\/td>\n<td>R\u00e4msi Agro O\u00dc<\/td>\n<td>Tartumaa<\/td>\n<td>p\u00f5ldhernes<\/td>\n<td>Alvesta<\/td>\n<td>95,0<\/td>\n<td>5,5<\/td>\n<td>16,4<\/td>\n<td>14,3<\/td>\n<td>0,3<\/td>\n<td>10800<\/td>\n<td>6120<\/td>\n<td>3,1<\/td>\n<td>5 931<\/td>\n<td><\/td>\n<\/tr>\n<\/tbody>\n<\/table>\n<p>Arvestatud baasniiskus teraviljal 14% ja rapsil 7%<\/p>","protected":false},"excerpt":{"rendered":"<p>Niiskus Pr\u00fcgilisand Arvest. \u00a0M\u00e4rg Kuivatus\/ Kuiv kaal Kvaliteet koht Kultuur Esindaja Ettev\u00f5te Maakond Kultuur Sort Pind Saak p\u00f5llult Kuivatatult kokku pindala kaal puhastuskadu 14 v 7% ha t\/ha % % % m2 kg % kg Raps Jaak T\u00f5ks Perevara AS J\u00f5gevamaa taliraps Mercedes 10,0 4,4 12,3 5,8 1,4 10 298 4 900 7,1 4 552 [&hellip;]<\/p>\n","protected":false},"author":9,"featured_media":0,"parent":787,"menu_order":0,"comment_status":"closed","ping_status":"closed","template":"","meta":{"two_page_speed":[],"footnotes":""},"class_list":["post-807","page","type-page","status-publish","hentry"],"_links":{"self":[{"href":"http:\/\/viljelusvoistlus.ee\/en\/wp-json\/wp\/v2\/pages\/807","targetHints":{"allow":["GET"]}}],"collection":[{"href":"http:\/\/viljelusvoistlus.ee\/en\/wp-json\/wp\/v2\/pages"}],"about":[{"href":"http:\/\/viljelusvoistlus.ee\/en\/wp-json\/wp\/v2\/types\/page"}],"author":[{"embeddable":true,"href":"http:\/\/viljelusvoistlus.ee\/en\/wp-json\/wp\/v2\/users\/9"}],"replies":[{"embeddable":true,"href":"http:\/\/viljelusvoistlus.ee\/en\/wp-json\/wp\/v2\/comments?post=807"}],"version-history":[{"count":5,"href":"http:\/\/viljelusvoistlus.ee\/en\/wp-json\/wp\/v2\/pages\/807\/revisions"}],"predecessor-version":[{"id":880,"href":"http:\/\/viljelusvoistlus.ee\/en\/wp-json\/wp\/v2\/pages\/807\/revisions\/880"}],"up":[{"embeddable":true,"href":"http:\/\/viljelusvoistlus.ee\/en\/wp-json\/wp\/v2\/pages\/787"}],"wp:attachment":[{"href":"http:\/\/viljelusvoistlus.ee\/en\/wp-json\/wp\/v2\/media?parent=807"}],"curies":[{"name":"wp","href":"https:\/\/api.w.org\/{rel}","templated":true}]}}