{"id":21,"date":"2016-05-24T16:10:54","date_gmt":"2016-05-24T13:10:54","guid":{"rendered":"http:\/\/viljelusvoistlus.ee\/?page_id=21"},"modified":"2016-06-07T09:45:07","modified_gmt":"2016-06-07T06:45:07","slug":"registreerumine","status":"publish","type":"page","link":"http:\/\/viljelusvoistlus.ee\/en\/registreerumine\/","title":{"rendered":"Registreerumine"},"content":{"rendered":"<p><img loading=\"lazy\" decoding=\"async\" class=\"wp-image-277 alignright\" src=\"http:\/\/viljelusvoistlus.ee\/wp-content\/uploads\/2016\/05\/viljelusvoistlus-2016.jpg\" alt=\"viljelusvoistlus-2016\" width=\"296\" height=\"392\" srcset=\"https:\/\/www.viljelusvoistlus.ee\/wp-content\/uploads\/2016\/05\/viljelusvoistlus-2016.jpg 480w, https:\/\/www.viljelusvoistlus.ee\/wp-content\/uploads\/2016\/05\/viljelusvoistlus-2016-226x300.jpg 226w, https:\/\/www.viljelusvoistlus.ee\/wp-content\/uploads\/2016\/05\/viljelusvoistlus-2016-230x305.jpg 230w, https:\/\/www.viljelusvoistlus.ee\/wp-content\/uploads\/2016\/05\/viljelusvoistlus-2016-350x464.jpg 350w\" sizes=\"auto, (max-width: 296px) 100vw, 296px\" \/><\/p>\n<p>V\u00f5istluse tingimused:<\/p>\n<ul>\n<li>V\u00f5istlusele saab esitada p\u00f5llu, mille pindala on v\u00e4hemalt 10 ha;<\/li>\n<li>Iga v\u00f5istleja saab\u00a0esitada v\u00f5istlusele igast kultuurist \u00fche p\u00f5llu;<\/li>\n<li>Esitada v\u00f5ib nii teravilja-, rapsi-, r\u00fcpsi- kui ka oa- ja hernep\u00f5lde.\u00a0Kultuur l\u00e4heb v\u00f5istlusesse, kui on esitatud v\u00e4hemalt kolm p\u00f5ldu;<\/li>\n<li>Mitme v\u00f5istlusp\u00f5llu esitamise puhul tuleb registreerida iga kultuur eraldi t\u00e4ites alloleva vormi;<\/li>\n<li>Koristusperioodil m\u00f5\u00f5davad kohtunikud saagi ja saadavad andmed laborisse anal\u00fc\u00fcsimiseks;<\/li>\n<li>Kasvuperioodi l\u00f5puks tuleb osalejal deklareerida v\u00f5istlusp\u00f5llul tehtud kulutused;<\/li>\n<li>V\u00f5itjad selgitatakse saagikuse, tulukuse ja kvaliteedi osas, l\u00f5pptulemuse annab k\u00f5igi kolme alajaotuse tulemuste summa;<\/li>\n<li>Tulemustest ja kogemustest r\u00e4\u00e4gitakse l\u00f5pukonverentsil, mis toimub 17. novembril Raplamaal;<\/li>\n<li>Korralduskomisjon j\u00e4tab endale \u00f5iguse seada piiranguid v\u00f5istlejate arvule.<\/li>\n<\/ul>\n<p>&nbsp;<\/p>\n\n<div class=\"wpcf7 no-js\" id=\"wpcf7-f130-o1\" lang=\"et\" dir=\"ltr\" data-wpcf7-id=\"130\">\n<div class=\"screen-reader-response\"><p role=\"status\" aria-live=\"polite\" aria-atomic=\"true\"><\/p> <ul><\/ul><\/div>\n<form action=\"\/en\/wp-json\/wp\/v2\/pages\/21#wpcf7-f130-o1\" method=\"post\" class=\"wpcf7-form init\" aria-label=\"Contact form\" novalidate=\"novalidate\" data-status=\"init\">\n<fieldset class=\"hidden-fields-container\"><input type=\"hidden\" name=\"_wpcf7\" value=\"130\" \/><input type=\"hidden\" name=\"_wpcf7_version\" value=\"6.1.6\" \/><input type=\"hidden\" name=\"_wpcf7_locale\" value=\"et\" \/><input type=\"hidden\" name=\"_wpcf7_unit_tag\" value=\"wpcf7-f130-o1\" \/><input type=\"hidden\" name=\"_wpcf7_container_post\" value=\"0\" \/><input type=\"hidden\" name=\"_wpcf7_posted_data_hash\" value=\"\" \/>\n<\/fieldset>\n<p>Ettev\u00f5te (n\u00f5utav)\n<\/p>\n<p><span class=\"wpcf7-form-control-wrap\" data-name=\"your-name\"><input size=\"40\" maxlength=\"400\" class=\"wpcf7-form-control wpcf7-text wpcf7-validates-as-required\" aria-required=\"true\" aria-invalid=\"false\" value=\"\" type=\"text\" name=\"your-name\" \/><\/span>\n<\/p>\n<p>Esindaja ees- ja perekonnanimi (n\u00f5utav)\n<\/p>\n<p><span class=\"wpcf7-form-control-wrap\" data-name=\"esindajanimi\"><input size=\"40\" maxlength=\"400\" class=\"wpcf7-form-control wpcf7-text wpcf7-validates-as-required\" aria-required=\"true\" aria-invalid=\"false\" value=\"\" type=\"text\" name=\"esindajanimi\" \/><\/span>\n<\/p>\n<p>Aadress (n\u00f5utav)\n<\/p>\n<p><span class=\"wpcf7-form-control-wrap\" data-name=\"aadress\"><input size=\"40\" maxlength=\"400\" class=\"wpcf7-form-control wpcf7-text wpcf7-validates-as-required\" aria-required=\"true\" aria-invalid=\"false\" value=\"\" type=\"text\" name=\"aadress\" \/><\/span>\n<\/p>\n<p>Kontakttelefon (n\u00f5utav)\n<\/p>\n<p><span class=\"wpcf7-form-control-wrap\" data-name=\"tel-234\"><input size=\"40\" maxlength=\"400\" class=\"wpcf7-form-control wpcf7-tel wpcf7-validates-as-required wpcf7-text wpcf7-validates-as-tel\" aria-required=\"true\" aria-invalid=\"false\" value=\"\" type=\"tel\" name=\"tel-234\" \/><\/span>\n<\/p>\n<p>E-mail (n\u00f5utav)\n<\/p>\n<p><span class=\"wpcf7-form-control-wrap\" data-name=\"your-email\"><input size=\"40\" maxlength=\"400\" class=\"wpcf7-form-control wpcf7-email wpcf7-validates-as-required wpcf7-text wpcf7-validates-as-email\" aria-required=\"true\" aria-invalid=\"false\" value=\"\" type=\"email\" name=\"your-email\" \/><\/span>\n<\/p>\n<p>Osaleva p\u00f5llu katastrinumber(n\u00f5utav)\n<\/p>\n<p><span class=\"wpcf7-form-control-wrap\" data-name=\"kataster\"><input size=\"40\" maxlength=\"400\" class=\"wpcf7-form-control wpcf7-text wpcf7-validates-as-required\" aria-required=\"true\" aria-invalid=\"false\" value=\"\" type=\"text\" name=\"kataster\" \/><\/span>\n<\/p>\n<p>P\u00f5llu suurus\/ha (n\u00f5utav)\n<\/p>\n<p><span class=\"wpcf7-form-control-wrap\" data-name=\"pollusuurus\"><input size=\"40\" maxlength=\"400\" class=\"wpcf7-form-control wpcf7-text wpcf7-validates-as-required\" aria-required=\"true\" aria-invalid=\"false\" value=\"\" type=\"text\" name=\"pollusuurus\" \/><\/span>\n<\/p>\n<p>Eelvili (n\u00f5utav)\n<\/p>\n<p><span class=\"wpcf7-form-control-wrap\" data-name=\"eelvili\"><input size=\"40\" maxlength=\"400\" class=\"wpcf7-form-control wpcf7-text wpcf7-validates-as-required\" aria-required=\"true\" aria-invalid=\"false\" value=\"\" type=\"text\" name=\"eelvili\" \/><\/span>\n<\/p>\n<p>Kultuur (n\u00f5utav)\n<\/p>\n<p><span class=\"wpcf7-form-control-wrap\" data-name=\"kultuur\"><input size=\"40\" maxlength=\"400\" class=\"wpcf7-form-control wpcf7-text wpcf7-validates-as-required\" aria-required=\"true\" aria-invalid=\"false\" value=\"\" type=\"text\" name=\"kultuur\" \/><\/span>\n<\/p>\n<p>Sordi nimetus (n\u00f5utav)\n<\/p>\n<p><span class=\"wpcf7-form-control-wrap\" data-name=\"sordinimetus\"><input size=\"40\" maxlength=\"400\" class=\"wpcf7-form-control wpcf7-text wpcf7-validates-as-required\" aria-required=\"true\" aria-invalid=\"false\" value=\"\" type=\"text\" name=\"sordinimetus\" \/><\/span>\n<\/p>\n<p>[recaptcha]\n<\/p>\n<p><input class=\"wpcf7-form-control wpcf7-submit has-spinner\" type=\"submit\" value=\"Saada\" \/>\n<\/p><div class=\"wpcf7-response-output\" aria-hidden=\"true\"><\/div>\n<\/form>\n<\/div>\n\n","protected":false},"excerpt":{"rendered":"<p>V\u00f5istluse tingimused: V\u00f5istlusele saab esitada p\u00f5llu, mille pindala on v\u00e4hemalt 10 ha; Iga v\u00f5istleja saab\u00a0esitada v\u00f5istlusele igast kultuurist \u00fche p\u00f5llu; Esitada v\u00f5ib nii teravilja-, rapsi-, r\u00fcpsi- kui ka oa- ja hernep\u00f5lde.\u00a0Kultuur l\u00e4heb v\u00f5istlusesse, kui on esitatud v\u00e4hemalt kolm p\u00f5ldu; Mitme v\u00f5istlusp\u00f5llu esitamise puhul tuleb registreerida iga kultuur eraldi t\u00e4ites alloleva vormi; Koristusperioodil m\u00f5\u00f5davad kohtunikud saagi [&hellip;]<\/p>\n","protected":false},"author":9,"featured_media":129,"parent":0,"menu_order":0,"comment_status":"closed","ping_status":"closed","template":"page-templates\/page_fullwidth.php","meta":{"two_page_speed":[],"footnotes":""},"class_list":["post-21","page","type-page","status-publish","has-post-thumbnail","hentry"],"_links":{"self":[{"href":"http:\/\/viljelusvoistlus.ee\/en\/wp-json\/wp\/v2\/pages\/21","targetHints":{"allow":["GET"]}}],"collection":[{"href":"http:\/\/viljelusvoistlus.ee\/en\/wp-json\/wp\/v2\/pages"}],"about":[{"href":"http:\/\/viljelusvoistlus.ee\/en\/wp-json\/wp\/v2\/types\/page"}],"author":[{"embeddable":true,"href":"http:\/\/viljelusvoistlus.ee\/en\/wp-json\/wp\/v2\/users\/9"}],"replies":[{"embeddable":true,"href":"http:\/\/viljelusvoistlus.ee\/en\/wp-json\/wp\/v2\/comments?post=21"}],"version-history":[{"count":5,"href":"http:\/\/viljelusvoistlus.ee\/en\/wp-json\/wp\/v2\/pages\/21\/revisions"}],"predecessor-version":[{"id":317,"href":"http:\/\/viljelusvoistlus.ee\/en\/wp-json\/wp\/v2\/pages\/21\/revisions\/317"}],"wp:featuredmedia":[{"embeddable":true,"href":"http:\/\/viljelusvoistlus.ee\/en\/wp-json\/wp\/v2\/media\/129"}],"wp:attachment":[{"href":"http:\/\/viljelusvoistlus.ee\/en\/wp-json\/wp\/v2\/media?parent=21"}],"curies":[{"name":"wp","href":"https:\/\/api.w.org\/{rel}","templated":true}]}}